{"id":1027,"date":"2017-02-09T00:52:33","date_gmt":"2017-02-09T00:52:33","guid":{"rendered":"https:\/\/jacobeachmassage.com\/services\/"},"modified":"2023-03-13T01:10:32","modified_gmt":"2023-03-13T01:10:32","slug":"servicios","status":"publish","type":"page","link":"https:\/\/jacobeachmassage.com\/es\/servicios\/","title":{"rendered":"Servicios"},"content":{"rendered":"<div  class=\"lgc-column lgc-grid-parent lgc-grid-33 lgc-tablet-grid-33 lgc-mobile-grid-100 lgc-equal-heights \"><div  class=\"inside-grid-column\">\n<h3 style=\"text-align: center;\">Masaje Deportivo<\/h3>\n<p style=\"text-align: center;\">60 Minutos de Masaje<br \/>\n$60<\/p>\n<p style=\"text-align: center;\"><a class=\"button\" href=\"https:\/\/jacobeachmassage.com\/es\/contactanos\/\">RESERVA O CONSULTA!<\/a><\/p>\n<\/div><\/div>\n<div  class=\"lgc-column lgc-grid-parent lgc-grid-33 lgc-tablet-grid-33 lgc-mobile-grid-100 lgc-equal-heights \"><div  class=\"inside-grid-column\">\n<h3 style=\"text-align: center;\">Masaje Relajante<\/h3>\n<p style=\"text-align: center;\">60 Minutos de Masaje<br \/>\n$60<\/p>\n<p style=\"text-align: center;\"><a class=\"button\" href=\"https:\/\/jacobeachmassage.com\/es\/contactanos\/\">RESERVA O CONSULTA!<\/a><\/p>\n<\/div><\/div>\n<div  class=\"lgc-column lgc-grid-parent lgc-grid-33 lgc-tablet-grid-33 lgc-mobile-grid-100 lgc-equal-heights \"><div  class=\"inside-grid-column\">\n<h3 style=\"text-align: center;\">Masaje de reflexolog\u00eda<\/h3>\n<p style=\"text-align: center;\">45 Minutos de Masaje<br \/>\n$60<\/p>\n<p style=\"text-align: center;\"><a class=\"button\" href=\"https:\/\/jacobeachmassage.com\/es\/contactanos\/\">RESERVA O CONSULTA!<\/a><\/p>\n<p style=\"text-align: center;\"><\/p><\/div><\/div><div class=\"lgc-clear\"><\/div>\n<hr \/>\n<div  class=\"lgc-column lgc-grid-parent lgc-grid-33 lgc-tablet-grid-33 lgc-mobile-grid-100 lgc-equal-heights \"><div  class=\"inside-grid-column\">\n<h3 style=\"text-align: center;\">Masaje de aromaterapia<\/h3>\n<p style=\"text-align: center;\">60 Minutos de Masaje<br \/>\n$60<\/p>\n<p style=\"text-align: center;\"><a class=\"button\" href=\"https:\/\/jacobeachmassage.com\/es\/contactanos\/\">RESERVA O CONSULTA!<\/a><\/p>\n<\/div><\/div>\n<div  class=\"lgc-column lgc-grid-parent lgc-grid-33 lgc-tablet-grid-33 lgc-mobile-grid-100 lgc-equal-heights \"><div  class=\"inside-grid-column\">\n<h3 style=\"text-align: center;\">Lymphatic Drainage<\/h3>\n<p style=\"text-align: center;\">1\/2 Hora<br \/>\n$80<\/p>\n<p style=\"text-align: center;\"><a class=\"button\" href=\"https:\/\/jacobeachmassage.com\/es\/contactanos\/\">RESERVA O CONSULTA!<\/a><\/p>\n<\/div><\/div>\n<div  class=\"lgc-column lgc-grid-parent lgc-grid-33 lgc-tablet-grid-33 lgc-mobile-grid-100 lgc-equal-heights \"><div  class=\"inside-grid-column\">\n<h3 style=\"text-align: center;\">Masaje Reductivo<\/h3>\n<p style=\"text-align: center;\">Ideal para deshacerse de la grasa<br \/>\n$60<\/p>\n<p style=\"text-align: center;\"><a class=\"button\" href=\"https:\/\/jacobeachmassage.com\/es\/contactanos\/\">RESERVA O CONSULTA!<\/a><\/p>\n<p style=\"text-align: center;\"><\/p><\/div><\/div><div class=\"lgc-clear\"><\/div>\n","protected":false},"excerpt":{"rendered":"","protected":false},"author":1,"featured_media":0,"parent":0,"menu_order":0,"comment_status":"closed","ping_status":"closed","template":"","meta":{"_uag_custom_page_level_css":"","footnotes":""},"class_list":["post-1027","page","type-page","status-publish"],"featured_image_src":null,"yoast_head":"<!-- This site is optimized with the Yoast SEO plugin v26.3 - https:\/\/yoast.com\/wordpress\/plugins\/seo\/ -->\n<title>Aqu\u00ed est\u00e1n algunos precios de los Masaje y Servicios m\u00e1s utilizados<\/title>\n<meta name=\"description\" content=\"Podemos brindarle la mejor experiencia de masaje en la comodidad de su hogar o condominio en Jaco Beach, Los Sue\u00f1os, Herradura, Playa Hermosa\" \/>\n<meta name=\"robots\" content=\"index, follow, max-snippet:-1, max-image-preview:large, max-video-preview:-1\" \/>\n<link rel=\"canonical\" href=\"https:\/\/jacobeachmassage.com\/es\/servicios\/\" \/>\n<meta property=\"og:locale\" content=\"es_ES\" \/>\n<meta property=\"og:type\" content=\"article\" \/>\n<meta property=\"og:title\" content=\"Aqu\u00ed est\u00e1n algunos precios de los Masaje y Servicios m\u00e1s utilizados\" \/>\n<meta property=\"og:description\" content=\"Podemos brindarle la mejor experiencia de masaje en la comodidad de su hogar o condominio en Jaco Beach, Los Sue\u00f1os, Herradura, Playa Hermosa\" \/>\n<meta property=\"og:url\" content=\"https:\/\/jacobeachmassage.com\/es\/servicios\/\" \/>\n<meta property=\"og:site_name\" content=\"Jaco Beach Massage\" \/>\n<meta property=\"article:modified_time\" content=\"2023-03-13T01:10:32+00:00\" \/>\n<meta name=\"twitter:card\" content=\"summary_large_image\" \/>\n<meta name=\"twitter:label1\" content=\"Tiempo de lectura\" \/>\n\t<meta name=\"twitter:data1\" content=\"1 minuto\" \/>\n<script type=\"application\/ld+json\" class=\"yoast-schema-graph\">{\"@context\":\"https:\/\/schema.org\",\"@graph\":[{\"@type\":\"WebPage\",\"@id\":\"https:\/\/jacobeachmassage.com\/es\/servicios\/\",\"url\":\"https:\/\/jacobeachmassage.com\/es\/servicios\/\",\"name\":\"Aqu\u00ed est\u00e1n algunos precios de los Masaje y Servicios m\u00e1s utilizados\",\"isPartOf\":{\"@id\":\"https:\/\/jacobeachmassage.com\/#website\"},\"datePublished\":\"2017-02-09T00:52:33+00:00\",\"dateModified\":\"2023-03-13T01:10:32+00:00\",\"description\":\"Podemos brindarle la mejor experiencia de masaje en la comodidad de su hogar o condominio en Jaco Beach, Los Sue\u00f1os, Herradura, Playa Hermosa\",\"breadcrumb\":{\"@id\":\"https:\/\/jacobeachmassage.com\/es\/servicios\/#breadcrumb\"},\"inLanguage\":\"es\",\"potentialAction\":[{\"@type\":\"ReadAction\",\"target\":[\"https:\/\/jacobeachmassage.com\/es\/servicios\/\"]}]},{\"@type\":\"BreadcrumbList\",\"@id\":\"https:\/\/jacobeachmassage.com\/es\/servicios\/#breadcrumb\",\"itemListElement\":[{\"@type\":\"ListItem\",\"position\":1,\"name\":\"Home\",\"item\":\"https:\/\/jacobeachmassage.com\/es\/\"},{\"@type\":\"ListItem\",\"position\":2,\"name\":\"Servicios\"}]},{\"@type\":\"WebSite\",\"@id\":\"https:\/\/jacobeachmassage.com\/#website\",\"url\":\"https:\/\/jacobeachmassage.com\/\",\"name\":\"Jaco Beach Massage\",\"description\":\"Home Massage\",\"publisher\":{\"@id\":\"https:\/\/jacobeachmassage.com\/#organization\"},\"potentialAction\":[{\"@type\":\"SearchAction\",\"target\":{\"@type\":\"EntryPoint\",\"urlTemplate\":\"https:\/\/jacobeachmassage.com\/?s={search_term_string}\"},\"query-input\":{\"@type\":\"PropertyValueSpecification\",\"valueRequired\":true,\"valueName\":\"search_term_string\"}}],\"inLanguage\":\"es\"},{\"@type\":\"Organization\",\"@id\":\"https:\/\/jacobeachmassage.com\/#organization\",\"name\":\"Jaco Beach Massage\",\"url\":\"https:\/\/jacobeachmassage.com\/\",\"logo\":{\"@type\":\"ImageObject\",\"inLanguage\":\"es\",\"@id\":\"https:\/\/jacobeachmassage.com\/#\/schema\/logo\/image\/\",\"url\":\"https:\/\/jacobeachmassage.com\/wp-content\/uploads\/2013\/11\/JacoBeachMassageBl.png\",\"contentUrl\":\"https:\/\/jacobeachmassage.com\/wp-content\/uploads\/2013\/11\/JacoBeachMassageBl.png\",\"width\":338,\"height\":97,\"caption\":\"Jaco Beach Massage\"},\"image\":{\"@id\":\"https:\/\/jacobeachmassage.com\/#\/schema\/logo\/image\/\"}}]}<\/script>\n<!-- \/ Yoast SEO plugin. -->","yoast_head_json":{"title":"Aqu\u00ed est\u00e1n algunos precios de los Masaje y Servicios m\u00e1s utilizados","description":"Podemos brindarle la mejor experiencia de masaje en la comodidad de su hogar o condominio en Jaco Beach, Los Sue\u00f1os, Herradura, Playa Hermosa","robots":{"index":"index","follow":"follow","max-snippet":"max-snippet:-1","max-image-preview":"max-image-preview:large","max-video-preview":"max-video-preview:-1"},"canonical":"https:\/\/jacobeachmassage.com\/es\/servicios\/","og_locale":"es_ES","og_type":"article","og_title":"Aqu\u00ed est\u00e1n algunos precios de los Masaje y Servicios m\u00e1s utilizados","og_description":"Podemos brindarle la mejor experiencia de masaje en la comodidad de su hogar o condominio en Jaco Beach, Los Sue\u00f1os, Herradura, Playa Hermosa","og_url":"https:\/\/jacobeachmassage.com\/es\/servicios\/","og_site_name":"Jaco Beach Massage","article_modified_time":"2023-03-13T01:10:32+00:00","twitter_card":"summary_large_image","twitter_misc":{"Tiempo de lectura":"1 minuto"},"schema":{"@context":"https:\/\/schema.org","@graph":[{"@type":"WebPage","@id":"https:\/\/jacobeachmassage.com\/es\/servicios\/","url":"https:\/\/jacobeachmassage.com\/es\/servicios\/","name":"Aqu\u00ed est\u00e1n algunos precios de los Masaje y Servicios m\u00e1s utilizados","isPartOf":{"@id":"https:\/\/jacobeachmassage.com\/#website"},"datePublished":"2017-02-09T00:52:33+00:00","dateModified":"2023-03-13T01:10:32+00:00","description":"Podemos brindarle la mejor experiencia de masaje en la comodidad de su hogar o condominio en Jaco Beach, Los Sue\u00f1os, Herradura, Playa Hermosa","breadcrumb":{"@id":"https:\/\/jacobeachmassage.com\/es\/servicios\/#breadcrumb"},"inLanguage":"es","potentialAction":[{"@type":"ReadAction","target":["https:\/\/jacobeachmassage.com\/es\/servicios\/"]}]},{"@type":"BreadcrumbList","@id":"https:\/\/jacobeachmassage.com\/es\/servicios\/#breadcrumb","itemListElement":[{"@type":"ListItem","position":1,"name":"Home","item":"https:\/\/jacobeachmassage.com\/es\/"},{"@type":"ListItem","position":2,"name":"Servicios"}]},{"@type":"WebSite","@id":"https:\/\/jacobeachmassage.com\/#website","url":"https:\/\/jacobeachmassage.com\/","name":"Jaco Beach Massage","description":"Home Massage","publisher":{"@id":"https:\/\/jacobeachmassage.com\/#organization"},"potentialAction":[{"@type":"SearchAction","target":{"@type":"EntryPoint","urlTemplate":"https:\/\/jacobeachmassage.com\/?s={search_term_string}"},"query-input":{"@type":"PropertyValueSpecification","valueRequired":true,"valueName":"search_term_string"}}],"inLanguage":"es"},{"@type":"Organization","@id":"https:\/\/jacobeachmassage.com\/#organization","name":"Jaco Beach Massage","url":"https:\/\/jacobeachmassage.com\/","logo":{"@type":"ImageObject","inLanguage":"es","@id":"https:\/\/jacobeachmassage.com\/#\/schema\/logo\/image\/","url":"https:\/\/jacobeachmassage.com\/wp-content\/uploads\/2013\/11\/JacoBeachMassageBl.png","contentUrl":"https:\/\/jacobeachmassage.com\/wp-content\/uploads\/2013\/11\/JacoBeachMassageBl.png","width":338,"height":97,"caption":"Jaco Beach Massage"},"image":{"@id":"https:\/\/jacobeachmassage.com\/#\/schema\/logo\/image\/"}}]}},"uagb_featured_image_src":{"full":false,"thumbnail":false,"medium":false,"medium_large":false,"large":false,"1536x1536":false,"2048x2048":false,"gform-image-choice-sm":false,"gform-image-choice-md":false,"gform-image-choice-lg":false},"uagb_author_info":{"display_name":"raquel","author_link":"https:\/\/jacobeachmassage.com\/es\/author\/raquel\/"},"uagb_comment_info":0,"uagb_excerpt":null,"_links":{"self":[{"href":"https:\/\/jacobeachmassage.com\/es\/wp-json\/wp\/v2\/pages\/1027","targetHints":{"allow":["GET"]}}],"collection":[{"href":"https:\/\/jacobeachmassage.com\/es\/wp-json\/wp\/v2\/pages"}],"about":[{"href":"https:\/\/jacobeachmassage.com\/es\/wp-json\/wp\/v2\/types\/page"}],"author":[{"embeddable":true,"href":"https:\/\/jacobeachmassage.com\/es\/wp-json\/wp\/v2\/users\/1"}],"replies":[{"embeddable":true,"href":"https:\/\/jacobeachmassage.com\/es\/wp-json\/wp\/v2\/comments?post=1027"}],"version-history":[{"count":3,"href":"https:\/\/jacobeachmassage.com\/es\/wp-json\/wp\/v2\/pages\/1027\/revisions"}],"predecessor-version":[{"id":1141,"href":"https:\/\/jacobeachmassage.com\/es\/wp-json\/wp\/v2\/pages\/1027\/revisions\/1141"}],"wp:attachment":[{"href":"https:\/\/jacobeachmassage.com\/es\/wp-json\/wp\/v2\/media?parent=1027"}],"curies":[{"name":"wp","href":"https:\/\/api.w.org\/{rel}","templated":true}]}}