{"id":1024,"date":"2013-11-11T23:27:23","date_gmt":"2013-11-11T23:27:23","guid":{"rendered":"https:\/\/jacobeachmassage.com\/home-massage-service\/"},"modified":"2020-10-06T10:51:27","modified_gmt":"2020-10-06T10:51:27","slug":"servicio-masaje-en-jaco","status":"publish","type":"page","link":"https:\/\/jacobeachmassage.com\/es\/","title":{"rendered":"Jaco Costa Rica in Home Massage"},"content":{"rendered":"\n<div class=\"gb-container gb-container-da0c0a1d\"><div class=\"gb-inside-container\">\n<h2 class=\"has-text-align-center wp-block-heading\">\u00a1Recarga tu cuerpo con un relajante masaje en tu casa!<\/h2>\n\n\n\n<div class=\"gb-grid-wrapper gb-grid-wrapper-a2083fa8\">\n<div class=\"gb-grid-column gb-grid-column-72ae0e0c\"><div class=\"gb-container gb-container-72ae0e0c\"><div class=\"gb-inside-container\">\n<figure class=\"wp-block-image size-large\"><img loading=\"lazy\" decoding=\"async\" width=\"800\" height=\"400\" src=\"http:\/\/jacobeachmassage.com\/wp-content\/uploads\/2020\/10\/HomeMassageinJacoBeach.jpg\" alt=\"Masaje en Jaco\" class=\"wp-image-1068\" srcset=\"https:\/\/jacobeachmassage.com\/wp-content\/uploads\/2020\/10\/HomeMassageinJacoBeach.jpg 800w, https:\/\/jacobeachmassage.com\/wp-content\/uploads\/2020\/10\/HomeMassageinJacoBeach-300x150.jpg 300w, https:\/\/jacobeachmassage.com\/wp-content\/uploads\/2020\/10\/HomeMassageinJacoBeach-768x384.jpg 768w\" sizes=\"auto, (max-width: 800px) 100vw, 800px\" \/><\/figure>\n\n\n\n<h3 class=\"has-text-align-center wp-block-heading\">CORPORAL COMPLETO<\/h3>\n\n\n\n<p class=\"has-text-align-center\">Servicio a Domicilio<\/p>\n\n\n\n<p>Servicio de masajes Jaco, Costa Rica Masaje Corporal Completo CostaRica JacoRelax y DIRIVE con una medida de 120 minutos de masaje de relajaci\u00f3n. Nuestra cama est\u00e1 establecida y el estado del arte satisface las necesidades de su cuerpo, mientras que una toalla ritual&#8230;<\/p>\n\n\n\n<p class=\"has-text-align-center\"><a href=\"https:\/\/jacobeachmassage.com\/es\/masaje-de-cuerpo-completo\/\">LEER MAS<\/a><\/p>\n<\/div><\/div><\/div>\n\n\n\n<div class=\"gb-grid-column gb-grid-column-1ebf122c\"><div class=\"gb-container gb-container-1ebf122c\"><div class=\"gb-inside-container\">\n<figure class=\"wp-block-image size-large\"><img loading=\"lazy\" decoding=\"async\" width=\"800\" height=\"400\" src=\"http:\/\/jacobeachmassage.com\/wp-content\/uploads\/2020\/10\/EsencialMassageJaco.jpg\" alt=\"\" class=\"wp-image-1070\" srcset=\"https:\/\/jacobeachmassage.com\/wp-content\/uploads\/2020\/10\/EsencialMassageJaco.jpg 800w, https:\/\/jacobeachmassage.com\/wp-content\/uploads\/2020\/10\/EsencialMassageJaco-300x150.jpg 300w, https:\/\/jacobeachmassage.com\/wp-content\/uploads\/2020\/10\/EsencialMassageJaco-768x384.jpg 768w\" sizes=\"auto, (max-width: 800px) 100vw, 800px\" \/><\/figure>\n\n\n\n<h3 class=\"has-text-align-center wp-block-heading\">MANICURE<\/h3>\n\n\n\n<p class=\"has-text-align-center\">Servicio a Domicilio<\/p>\n\n\n\n<p>Manicures son una rutina semanal para algunos y un tratamiento ocasional. Independientemente de la frecuencia, manicuras proporcionan m\u00e1s de una capa de esmalte de u\u00f1as. Los beneficios se extienden m\u00e1s all\u00e1 de buena apariencia y proporcionar beneficios de estilo de\u2026<\/p>\n\n\n\n<p class=\"has-text-align-center\"><a href=\"https:\/\/jacobeachmassage.com\/es\/servicio-de-manicure-en-playa-jaco\/\">LEER MAS<\/a><\/p>\n<\/div><\/div><\/div>\n\n\n\n<div class=\"gb-grid-column gb-grid-column-730e6dce\"><div class=\"gb-container gb-container-730e6dce\"><div class=\"gb-inside-container\">\n<figure class=\"wp-block-image size-large\"><img loading=\"lazy\" decoding=\"async\" width=\"800\" height=\"400\" src=\"http:\/\/jacobeachmassage.com\/wp-content\/uploads\/2020\/10\/PedicureSericeJacoBeach.jpg\" alt=\"\" class=\"wp-image-1072\" srcset=\"https:\/\/jacobeachmassage.com\/wp-content\/uploads\/2020\/10\/PedicureSericeJacoBeach.jpg 800w, https:\/\/jacobeachmassage.com\/wp-content\/uploads\/2020\/10\/PedicureSericeJacoBeach-300x150.jpg 300w, https:\/\/jacobeachmassage.com\/wp-content\/uploads\/2020\/10\/PedicureSericeJacoBeach-768x384.jpg 768w\" sizes=\"auto, (max-width: 800px) 100vw, 800px\" \/><\/figure>\n\n\n\n<h3 class=\"has-text-align-center wp-block-heading\">SERVICIO DE PEDICURE<\/h3>\n\n\n\n<p class=\"has-text-align-center\">Servicio a Domicilio<\/p>\n\n\n\n<p>Pedicure debe asumir una importante misi\u00f3n para llevar a cabo su trabajo, no mantener sus pies en la ca\u00edda por el bombo de sus mejores condiciones de responsabilidades profesionales, tanto la higiene y el cuidado de las lesiones de acci\u00f3n en la piel, en particular las\u2026<\/p>\n\n\n\n<p class=\"has-text-align-center\"><a href=\"https:\/\/jacobeachmassage.com\/es\/servicio-de-pedicure\/\">LEER MAS<\/a><\/p>\n<\/div><\/div><\/div>\n<\/div>\n<\/div><\/div>\n\n\n<h2 style=\"text-align: center;\">Masaje En Tu Hogar<\/h2>\n<p style=\"text-align: center;\">Conveniente y m\u00e1s barato que un spa, masaje en casa a su conveniencia\u2026<br>Nuestra terapia de masaje ha estado en auge en los \u00faltimos 10 a\u00f1os en la playa de Jaco. Ofrecemos servicios de masajes y para cualquier centro de fitness y centros de salud multidisciplinarios.<\/p>\n<p style=\"text-align: center;\"><strong>Pero, \u00bfqu\u00e9 es un masaje profesional en casa?<\/strong> Estamos ofreciendo los beneficios de un masaje directamente en nuestra casa? Todos sabemos que la terapia de masaje ofrece muchos beneficios para nuestra salud.<\/p>\n<p style=\"text-align: center;\">\u00bfNo tenemos tiempo suficiente para reservar una reuni\u00f3n o tal vez para hacerlo correctamente? Con el ajetreo y el bullicio de nuestras vidas, el tiempo y el tiempo para nuestro auto mimos \u00e9l casi ha desaparecido. Con largas horas de trabajo, cuidando a nuestros hijos, preparando la cena e incluso prestando atenci\u00f3n a nuestros perros, no hay mucho tiempo para ir a un spa, recibir un masaje y regresar a la casa.<\/p>\n\n\n<div class=\"gb-container gb-container-99e97ed2\"><div class=\"gb-inside-container\">\n<div class=\"gb-grid-wrapper gb-grid-wrapper-6d8b77de\">\n<div class=\"gb-grid-column gb-grid-column-a4b541af\"><div class=\"gb-container gb-container-a4b541af\"><div class=\"gb-inside-container\">\n<h3 class=\"wp-block-heading\">Una cita, espere a su terapeuta<\/h3>\n\n\n\n<figure class=\"wp-block-embed-youtube wp-block-embed is-type-video is-provider-youtube wp-embed-aspect-16-9 wp-has-aspect-ratio\"><div class=\"wp-block-embed__wrapper\">\n<iframe loading=\"lazy\" title=\"Jaco Massage Costa Rica | Sport, Relaxing Professional Massage\" width=\"1200\" height=\"675\" src=\"https:\/\/www.youtube.com\/embed\/tKqIyf1q7d0?feature=oembed\" frameborder=\"0\" allow=\"accelerometer; autoplay; clipboard-write; encrypted-media; gyroscope; picture-in-picture\" allowfullscreen><\/iframe>\n<\/div><\/figure>\n\n\n\n<div class=\"gb-button-wrapper gb-button-wrapper-514adbbb\">\n<a class=\"gb-button gb-button-3579be4b\" href=\"https:\/\/jacobeachmassage.com\/es\/contactanos\/\"><span class=\"button-text\">Reserve Hoy!<\/span><\/a>\n<\/div>\n<\/div><\/div><\/div>\n\n\n\n<div class=\"gb-grid-column gb-grid-column-30d52187\"><div class=\"gb-container gb-container-30d52187\"><div class=\"gb-inside-container\">\n<p>Usted no tiene que tomar el coche, ahorrando tiempo y energ\u00eda y dinero inmediatamente. Se ahorra en los gastos de viaje, el estr\u00e9s de encontrar una plaza de aparcamiento y los ni\u00f1os de guarder\u00eda y mucho m\u00e1s. Sentirse mejor recibiendo un masaje en casa despu\u00e9s de sentarse es.<\/p>\n\n\n\n<p>Usted puede relajarse en su habitaci\u00f3n con su bata y tomar una taza de t\u00e9 o volver a su vino. Asombroso es bueno La conclusi\u00f3n es que la nueva manera fresca de conseguir un masaje para un masaje en la comodidad de su hogar.<\/p>\n\n\n\n<p>No hay otros lugares m\u00e1s c\u00f3modos de casa. El proceso es simple: reserva una cita, espera a su terapeuta para llegar, recibe un masaje y paga.<\/p>\n<\/div><\/div><\/div>\n<\/div>\n\n\n\n<p><\/p>\n\n\n\n<p><strong>Afiliados \u2013 Socios<\/strong><\/p>\n\n\n\n<p><a href=\"https:\/\/www.transportationcostarica.com\/es\/\">Transporte Privado en Costa Rica<\/a>&nbsp;<a href=\"https:\/\/www.transportationcostarica.com\/es\/\">https:\/\/www.transportationcostarica.com\/es\/<\/a><\/p>\n\n\n\n<p>\u00a1El masaje m\u00f3vil es la soluci\u00f3n!&nbsp;<a href=\"https:\/\/jacobeachmassage.com\/\">JacoBeachMassage.com<\/a>&nbsp;se est\u00e1 expandiendo a trav\u00e9s de la playa de Jaco, con todo mucha gente es inconsciente de la existencia.<\/p>\n<\/div><\/div>\n\n\n\n<div class=\"gb-container gb-container-19927279\"><div class=\"gb-inside-container\">\n<div class=\"gb-grid-wrapper gb-grid-wrapper-afa54e2a\">\n<div class=\"gb-grid-column gb-grid-column-a153b1c0\"><div class=\"gb-container gb-container-a153b1c0\"><div class=\"gb-inside-container\">\n<figure class=\"wp-block-image\"><a href=\"http:\/\/www.jacoholidaytours.com\/costarica-bachelor-party\"><img decoding=\"async\" src=\"http:\/\/jacobeachmassage.com\/wp-content\/uploads\/2013\/11\/Costa_Rica_Bachelor_Party-1.png\" alt=\"Costa Rica Bachelor Party\" class=\"wp-image-203\"\/><\/a><\/figure>\n<\/div><\/div><\/div>\n\n\n\n<div class=\"gb-grid-column gb-grid-column-83b0a621\"><div class=\"gb-container gb-container-83b0a621\"><div class=\"gb-inside-container\">\n<figure class=\"wp-block-image\"><a href=\"https:\/\/bigfishcostarica.com\/los-suenos-fishing-charters\/\"><img decoding=\"async\" src=\"http:\/\/jacobeachmassage.com\/wp-content\/uploads\/2013\/11\/FishingCostaRica-1.png\" alt=\"Fishing Costa Rica Charters\" class=\"wp-image-215\" title=\"Los Suenos Fishing Charters\"\/><\/a><\/figure>\n<\/div><\/div><\/div>\n\n\n\n<div class=\"gb-grid-column gb-grid-column-f219e3d3\"><div class=\"gb-container gb-container-f219e3d3\"><div class=\"gb-inside-container\">\n<div class=\"wp-block-image\"><figure class=\"alignright\"><a href=\"https:\/\/jacomassage.net\/\"><img decoding=\"async\" src=\"http:\/\/jacobeachmassage.com\/wp-content\/uploads\/2013\/11\/JacoMassageCR.png\" alt=\"Jaco Massage\" class=\"wp-image-195\"\/><\/a><\/figure><\/div>\n<\/div><\/div><\/div>\n\n\n\n<div class=\"gb-grid-column gb-grid-column-88698af6\"><div class=\"gb-container gb-container-88698af6\"><div class=\"gb-inside-container\">\n<figure class=\"wp-block-image\"><a href=\"https:\/\/www.costaricafishingexperts.com\/charters\/\"><img decoding=\"async\" src=\"http:\/\/jacobeachmassage.com\/wp-content\/uploads\/2013\/11\/CostaRicaFishingExperts-1.png\" alt=\"Costa Rica Fishing Experts\" class=\"wp-image-194\"\/><\/a><\/figure>\n<\/div><\/div><\/div>\n<\/div>\n<\/div><\/div>\n","protected":false},"excerpt":{"rendered":"<p>\u00a1Recarga tu cuerpo con un relajante masaje en tu casa! Masaje En Tu Hogar Conveniente y m\u00e1s barato que un spa, masaje en casa a su conveniencia\u2026Nuestra terapia de masaje ha estado en auge en los \u00faltimos 10 a\u00f1os en &#8230; <a title=\"Jaco Costa Rica in Home Massage\" class=\"read-more\" href=\"https:\/\/jacobeachmassage.com\/es\/\">Read More<\/a><\/p>\n","protected":false},"author":1,"featured_media":0,"parent":0,"menu_order":0,"comment_status":"closed","ping_status":"closed","template":"","meta":{"_uag_custom_page_level_css":"","footnotes":""},"class_list":["post-1024","page","type-page","status-publish"],"featured_image_src":null,"yoast_head":"<!-- This site is optimized with the Yoast SEO plugin v26.3 - https:\/\/yoast.com\/wordpress\/plugins\/seo\/ -->\n<title>Servicio Profesional de Masaje en Playa Jaco, Costa Rica<\/title>\n<meta name=\"description\" content=\"Masaje en Profesional en Playa Jaco, Pedicure &amp; Manicura en Casa, Dia de Spa Cuidado Personal, Los Mejores Masajes en Costa Rica, Servicio al Hogar y Hoteles\" \/>\n<meta name=\"robots\" content=\"index, follow, max-snippet:-1, max-image-preview:large, max-video-preview:-1\" \/>\n<link rel=\"canonical\" href=\"https:\/\/jacobeachmassage.com\/es\/\" \/>\n<meta property=\"og:locale\" content=\"es_ES\" \/>\n<meta property=\"og:type\" content=\"article\" \/>\n<meta property=\"og:title\" content=\"Servicio Profesional de Masaje en Playa Jaco, Costa Rica\" \/>\n<meta property=\"og:description\" content=\"Masaje en Profesional en Playa Jaco, Pedicure &amp; Manicura en Casa, Dia de Spa Cuidado Personal, Los Mejores Masajes en Costa Rica, Servicio al Hogar y Hoteles\" \/>\n<meta property=\"og:url\" content=\"https:\/\/jacobeachmassage.com\/es\/\" \/>\n<meta property=\"og:site_name\" content=\"Jaco Beach Massage\" \/>\n<meta property=\"article:modified_time\" content=\"2020-10-06T10:51:27+00:00\" \/>\n<meta property=\"og:image\" content=\"http:\/\/jacobeachmassage.com\/wp-content\/uploads\/2020\/10\/HomeMassageinJacoBeach.jpg\" \/>\n<meta name=\"twitter:card\" content=\"summary_large_image\" \/>\n<meta name=\"twitter:label1\" content=\"Tiempo de lectura\" \/>\n\t<meta name=\"twitter:data1\" content=\"3 minutos\" \/>\n<script type=\"application\/ld+json\" class=\"yoast-schema-graph\">{\"@context\":\"https:\/\/schema.org\",\"@graph\":[{\"@type\":\"WebPage\",\"@id\":\"https:\/\/jacobeachmassage.com\/es\/\",\"url\":\"https:\/\/jacobeachmassage.com\/es\/\",\"name\":\"Servicio Profesional de Masaje en Playa Jaco, Costa Rica\",\"isPartOf\":{\"@id\":\"https:\/\/jacobeachmassage.com\/#website\"},\"primaryImageOfPage\":{\"@id\":\"https:\/\/jacobeachmassage.com\/es\/#primaryimage\"},\"image\":{\"@id\":\"https:\/\/jacobeachmassage.com\/es\/#primaryimage\"},\"thumbnailUrl\":\"http:\/\/jacobeachmassage.com\/wp-content\/uploads\/2020\/10\/HomeMassageinJacoBeach.jpg\",\"datePublished\":\"2013-11-11T23:27:23+00:00\",\"dateModified\":\"2020-10-06T10:51:27+00:00\",\"description\":\"Masaje en Profesional en Playa Jaco, Pedicure & Manicura en Casa, Dia de Spa Cuidado Personal, Los Mejores Masajes en Costa Rica, Servicio al Hogar y Hoteles\",\"breadcrumb\":{\"@id\":\"https:\/\/jacobeachmassage.com\/es\/#breadcrumb\"},\"inLanguage\":\"es\",\"potentialAction\":[{\"@type\":\"ReadAction\",\"target\":[\"https:\/\/jacobeachmassage.com\/es\/\"]}]},{\"@type\":\"ImageObject\",\"inLanguage\":\"es\",\"@id\":\"https:\/\/jacobeachmassage.com\/es\/#primaryimage\",\"url\":\"http:\/\/jacobeachmassage.com\/wp-content\/uploads\/2020\/10\/HomeMassageinJacoBeach.jpg\",\"contentUrl\":\"http:\/\/jacobeachmassage.com\/wp-content\/uploads\/2020\/10\/HomeMassageinJacoBeach.jpg\"},{\"@type\":\"BreadcrumbList\",\"@id\":\"https:\/\/jacobeachmassage.com\/es\/#breadcrumb\",\"itemListElement\":[{\"@type\":\"ListItem\",\"position\":1,\"name\":\"Home\",\"item\":\"https:\/\/jacobeachmassage.com\/es\/\"},{\"@type\":\"ListItem\",\"position\":2,\"name\":\"Jaco Costa Rica in Home Massage\"}]},{\"@type\":\"WebSite\",\"@id\":\"https:\/\/jacobeachmassage.com\/#website\",\"url\":\"https:\/\/jacobeachmassage.com\/\",\"name\":\"Jaco Beach Massage\",\"description\":\"Home Massage\",\"publisher\":{\"@id\":\"https:\/\/jacobeachmassage.com\/#organization\"},\"potentialAction\":[{\"@type\":\"SearchAction\",\"target\":{\"@type\":\"EntryPoint\",\"urlTemplate\":\"https:\/\/jacobeachmassage.com\/?s={search_term_string}\"},\"query-input\":{\"@type\":\"PropertyValueSpecification\",\"valueRequired\":true,\"valueName\":\"search_term_string\"}}],\"inLanguage\":\"es\"},{\"@type\":\"Organization\",\"@id\":\"https:\/\/jacobeachmassage.com\/#organization\",\"name\":\"Jaco Beach Massage\",\"url\":\"https:\/\/jacobeachmassage.com\/\",\"logo\":{\"@type\":\"ImageObject\",\"inLanguage\":\"es\",\"@id\":\"https:\/\/jacobeachmassage.com\/#\/schema\/logo\/image\/\",\"url\":\"https:\/\/jacobeachmassage.com\/wp-content\/uploads\/2013\/11\/JacoBeachMassageBl.png\",\"contentUrl\":\"https:\/\/jacobeachmassage.com\/wp-content\/uploads\/2013\/11\/JacoBeachMassageBl.png\",\"width\":338,\"height\":97,\"caption\":\"Jaco Beach Massage\"},\"image\":{\"@id\":\"https:\/\/jacobeachmassage.com\/#\/schema\/logo\/image\/\"}}]}<\/script>\n<!-- \/ Yoast SEO plugin. -->","yoast_head_json":{"title":"Servicio Profesional de Masaje en Playa Jaco, Costa Rica","description":"Masaje en Profesional en Playa Jaco, Pedicure & Manicura en Casa, Dia de Spa Cuidado Personal, Los Mejores Masajes en Costa Rica, Servicio al Hogar y Hoteles","robots":{"index":"index","follow":"follow","max-snippet":"max-snippet:-1","max-image-preview":"max-image-preview:large","max-video-preview":"max-video-preview:-1"},"canonical":"https:\/\/jacobeachmassage.com\/es\/","og_locale":"es_ES","og_type":"article","og_title":"Servicio Profesional de Masaje en Playa Jaco, Costa Rica","og_description":"Masaje en Profesional en Playa Jaco, Pedicure & Manicura en Casa, Dia de Spa Cuidado Personal, Los Mejores Masajes en Costa Rica, Servicio al Hogar y Hoteles","og_url":"https:\/\/jacobeachmassage.com\/es\/","og_site_name":"Jaco Beach Massage","article_modified_time":"2020-10-06T10:51:27+00:00","og_image":[{"url":"http:\/\/jacobeachmassage.com\/wp-content\/uploads\/2020\/10\/HomeMassageinJacoBeach.jpg","type":"","width":"","height":""}],"twitter_card":"summary_large_image","twitter_misc":{"Tiempo de lectura":"3 minutos"},"schema":{"@context":"https:\/\/schema.org","@graph":[{"@type":"WebPage","@id":"https:\/\/jacobeachmassage.com\/es\/","url":"https:\/\/jacobeachmassage.com\/es\/","name":"Servicio Profesional de Masaje en Playa Jaco, Costa Rica","isPartOf":{"@id":"https:\/\/jacobeachmassage.com\/#website"},"primaryImageOfPage":{"@id":"https:\/\/jacobeachmassage.com\/es\/#primaryimage"},"image":{"@id":"https:\/\/jacobeachmassage.com\/es\/#primaryimage"},"thumbnailUrl":"http:\/\/jacobeachmassage.com\/wp-content\/uploads\/2020\/10\/HomeMassageinJacoBeach.jpg","datePublished":"2013-11-11T23:27:23+00:00","dateModified":"2020-10-06T10:51:27+00:00","description":"Masaje en Profesional en Playa Jaco, Pedicure & Manicura en Casa, Dia de Spa Cuidado Personal, Los Mejores Masajes en Costa Rica, Servicio al Hogar y Hoteles","breadcrumb":{"@id":"https:\/\/jacobeachmassage.com\/es\/#breadcrumb"},"inLanguage":"es","potentialAction":[{"@type":"ReadAction","target":["https:\/\/jacobeachmassage.com\/es\/"]}]},{"@type":"ImageObject","inLanguage":"es","@id":"https:\/\/jacobeachmassage.com\/es\/#primaryimage","url":"http:\/\/jacobeachmassage.com\/wp-content\/uploads\/2020\/10\/HomeMassageinJacoBeach.jpg","contentUrl":"http:\/\/jacobeachmassage.com\/wp-content\/uploads\/2020\/10\/HomeMassageinJacoBeach.jpg"},{"@type":"BreadcrumbList","@id":"https:\/\/jacobeachmassage.com\/es\/#breadcrumb","itemListElement":[{"@type":"ListItem","position":1,"name":"Home","item":"https:\/\/jacobeachmassage.com\/es\/"},{"@type":"ListItem","position":2,"name":"Jaco Costa Rica in Home Massage"}]},{"@type":"WebSite","@id":"https:\/\/jacobeachmassage.com\/#website","url":"https:\/\/jacobeachmassage.com\/","name":"Jaco Beach Massage","description":"Home Massage","publisher":{"@id":"https:\/\/jacobeachmassage.com\/#organization"},"potentialAction":[{"@type":"SearchAction","target":{"@type":"EntryPoint","urlTemplate":"https:\/\/jacobeachmassage.com\/?s={search_term_string}"},"query-input":{"@type":"PropertyValueSpecification","valueRequired":true,"valueName":"search_term_string"}}],"inLanguage":"es"},{"@type":"Organization","@id":"https:\/\/jacobeachmassage.com\/#organization","name":"Jaco Beach Massage","url":"https:\/\/jacobeachmassage.com\/","logo":{"@type":"ImageObject","inLanguage":"es","@id":"https:\/\/jacobeachmassage.com\/#\/schema\/logo\/image\/","url":"https:\/\/jacobeachmassage.com\/wp-content\/uploads\/2013\/11\/JacoBeachMassageBl.png","contentUrl":"https:\/\/jacobeachmassage.com\/wp-content\/uploads\/2013\/11\/JacoBeachMassageBl.png","width":338,"height":97,"caption":"Jaco Beach Massage"},"image":{"@id":"https:\/\/jacobeachmassage.com\/#\/schema\/logo\/image\/"}}]}},"uagb_featured_image_src":{"full":false,"thumbnail":false,"medium":false,"medium_large":false,"large":false,"1536x1536":false,"2048x2048":false,"gform-image-choice-sm":false,"gform-image-choice-md":false,"gform-image-choice-lg":false},"uagb_author_info":{"display_name":"raquel","author_link":"https:\/\/jacobeachmassage.com\/es\/author\/raquel\/"},"uagb_comment_info":0,"uagb_excerpt":"\u00a1Recarga tu cuerpo con un relajante masaje en tu casa! Masaje En Tu Hogar Conveniente y m\u00e1s barato que un spa, masaje en casa a su conveniencia\u2026Nuestra terapia de masaje ha estado en auge en los \u00faltimos 10 a\u00f1os en ... Read More","_links":{"self":[{"href":"https:\/\/jacobeachmassage.com\/es\/wp-json\/wp\/v2\/pages\/1024","targetHints":{"allow":["GET"]}}],"collection":[{"href":"https:\/\/jacobeachmassage.com\/es\/wp-json\/wp\/v2\/pages"}],"about":[{"href":"https:\/\/jacobeachmassage.com\/es\/wp-json\/wp\/v2\/types\/page"}],"author":[{"embeddable":true,"href":"https:\/\/jacobeachmassage.com\/es\/wp-json\/wp\/v2\/users\/1"}],"replies":[{"embeddable":true,"href":"https:\/\/jacobeachmassage.com\/es\/wp-json\/wp\/v2\/comments?post=1024"}],"version-history":[{"count":12,"href":"https:\/\/jacobeachmassage.com\/es\/wp-json\/wp\/v2\/pages\/1024\/revisions"}],"predecessor-version":[{"id":1108,"href":"https:\/\/jacobeachmassage.com\/es\/wp-json\/wp\/v2\/pages\/1024\/revisions\/1108"}],"wp:attachment":[{"href":"https:\/\/jacobeachmassage.com\/es\/wp-json\/wp\/v2\/media?parent=1024"}],"curies":[{"name":"wp","href":"https:\/\/api.w.org\/{rel}","templated":true}]}}